{"id":129,"date":"2025-12-17T11:11:23","date_gmt":"2025-12-17T10:11:23","guid":{"rendered":"https:\/\/neurokardiostart.org\/?page_id=129"},"modified":"2025-12-19T10:56:06","modified_gmt":"2025-12-19T09:56:06","slug":"%d0%be-%d0%bf%d1%80%d0%be%d1%98%d0%b5%d0%ba%d1%82%d1%83","status":"publish","type":"page","link":"https:\/\/neurokardiostart.org\/ro\/%d0%be-%d0%bf%d1%80%d0%be%d1%98%d0%b5%d0%ba%d1%82%d1%83\/","title":{"rendered":"Despre proiect"},"content":{"rendered":"<div data-elementor-type=\"wp-page\" data-elementor-id=\"129\" class=\"elementor elementor-129\" data-elementor-post-type=\"page\">\n\t\t\t\t<div class=\"elementor-element elementor-element-c7e169f e-flex e-con-boxed e-con e-parent\" data-id=\"c7e169f\" data-element_type=\"container\" data-settings=\"{&quot;background_background&quot;:&quot;classic&quot;}\">\n\t\t\t\t\t<div class=\"e-con-inner\">\n\t\t\t\t<div class=\"elementor-element elementor-element-1f6ecba elementor-widget__width-initial elementor-widget elementor-widget-text-editor\" data-id=\"1f6ecba\" data-element_type=\"widget\" data-widget_type=\"text-editor.default\">\n\t\t\t\t\t\t\t\t\t<h4>PREVEN\u021aIA PE PRIMUL LOC, S\u0102N\u0102TATEA PENTRU TOTDEAUNA<\/h4>\t\t\t\t\t\t\t\t<\/div>\n\t\t\t\t<div class=\"elementor-element elementor-element-88af956 elementor-widget__width-initial elementor-widget elementor-widget-text-editor\" data-id=\"88af956\" data-element_type=\"widget\" data-widget_type=\"text-editor.default\">\n\t\t\t\t\t\t\t\t\t<p>S\u0103n\u0103tatea este esen\u021bial\u0103 pentru regiunea de frontier\u0103 rom\u00e2no-s\u00e2rbeasc\u0103, iar sprijinul Uniunii Europene aduce schimb\u0103ri pozitive semnificative. Proiectul permite parteneriilor implicati- Spitalului Specializat pentru Bolile Psihiatrice \u201eDr. Slavoljub Bakalovi\u0107\u201d din V\u00e2r\u0219e\u021b \u0219i Institutului de Boli Cardiovasculare din Timi\u0219oara s\u0103 \u00ee\u0219i modernizeze \u0219i s\u0103 \u00ee\u0219i \u00eembun\u0103t\u0103\u021beasc\u0103 capacitatea, oferind astfel cet\u0103\u021benilor din ambele tari, preventie, tratament \u0219i  reabilitare care imbunatatesc calitatea vietii. \nPrin  acest proiect se va construi un nou compartiment de reabilitare fizic\u0103 \u00een V\u00e2r\u0219e\u021b \u0219i se va  achizi\u021biona un angiograf monoplan \u00een Timi\u0219oara.<\/p><p>Campania de con\u0219tientizare se va axa pe promovarea proiectului \u0219i importan\u021ba preventiei, reabilit\u0103rii, neurocardio-psihiatrie, prin informarea publicului despre mecanismele preventive pentru bolile neurologice \u0219i cardiologice care genereaza complicatii ireversibile.<\/p><p>Elaborarea unui protocol  medical comun  va contribui semnificativ la \u00eembun\u0103t\u0103\u021birea calit\u0103\u021bii vietii pacientilor, care sufer\u0103 de boli neurologice \u0219i cardiologice, iar vizitele \u00een zonele rurale dezavantajate \u0219i examin\u0103rile preventive vor permite screeningul precoce \u0219i o mai bun\u0103 \u00een\u021belegere a st\u0103rii de s\u0103n\u0103tate a popula\u021biei din regiune.<\/p><p>Partener principal: Spitalul Specializat pentru Bolile Psihiatrice \u201eDr. Slavoljub Bakalovi\u0107\u201d V\u00e2r\u0219e\u021b<\/p><p>Partener transfrontalier: Institutul de Boli Cardiovasculare Timi\u0219oara<\/p><p>Cod Jems: RORS00216<\/p><p>Bugetul total al proiectului: 2.352.786,40 EUR<\/p><p>Bugetul partenerului principal: 1.421.058,00 EUR<\/p><p>Bugetul partenerului transfrontalier: 931.728,40 EUR<\/p><p>Durata proiectului: 12\/2024 \u2013 12\/2026<\/p><p>Proiectul este cofinan\u021bat de Uniunea European\u0103, care acoper\u0103 85 % din valoarea total\u0103 a proiectului, iar restul \nde 15% din valoare sunt asigurate de partener \u0219i de statele partenerilor.<\/p>\t\t\t\t\t\t\t\t<\/div>\n\t\t\t\t<div class=\"elementor-element elementor-element-e164eb7 elementor-widget__width-initial elementor-widget elementor-widget-image\" data-id=\"e164eb7\" data-element_type=\"widget\" data-widget_type=\"image.default\">\n\t\t\t\t\t\t\t\t\t\t\t\t\t\t\t<img fetchpriority=\"high\" decoding=\"async\" width=\"400\" height=\"318\" src=\"https:\/\/neurokardiostart.org\/wp-content\/uploads\/2025\/12\/1765872851412blob.png\" class=\"attachment-large size-large wp-image-6\" alt=\"\" srcset=\"https:\/\/neurokardiostart.org\/wp-content\/uploads\/2025\/12\/1765872851412blob.png 400w, https:\/\/neurokardiostart.org\/wp-content\/uploads\/2025\/12\/1765872851412blob-300x239.png 300w\" sizes=\"(max-width: 400px) 100vw, 400px\" \/>\t\t\t\t\t\t\t\t\t\t\t\t\t\t\t<\/div>\n\t\t<div class=\"elementor-element elementor-element-80bf1dc e-con-full e-flex e-con e-child\" data-id=\"80bf1dc\" data-element_type=\"container\">\n\t\t\t\t<div class=\"elementor-element elementor-element-8b1b74c elementor-widget__width-initial elementor-widget elementor-widget-image\" data-id=\"8b1b74c\" data-element_type=\"widget\" data-widget_type=\"image.default\">\n\t\t\t\t\t\t\t\t\t\t\t\t\t\t\t\t<a href=\"https:\/\/www.spbvrsac.org.rs\/\">\n\t\t\t\t\t\t\t<img decoding=\"async\" width=\"451\" height=\"398\" src=\"https:\/\/neurokardiostart.org\/wp-content\/uploads\/2025\/12\/SBPB-Logo-ROM.jpg\" class=\"attachment-large size-large wp-image-332\" alt=\"\" srcset=\"https:\/\/neurokardiostart.org\/wp-content\/uploads\/2025\/12\/SBPB-Logo-ROM.jpg 544w, https:\/\/neurokardiostart.org\/wp-content\/uploads\/2025\/12\/SBPB-Logo-ROM-300x210.jpg 300w, https:\/\/neurokardiostart.org\/wp-content\/uploads\/2025\/12\/SBPB-Logo-ROM-18x12.jpg 18w\" sizes=\"(max-width: 451px) 100vw, 451px\" \/>\t\t\t\t\t\t\t\t<\/a>\n\t\t\t\t\t\t\t\t\t\t\t\t\t\t\t<\/div>\n\t\t\t\t<div class=\"elementor-element elementor-element-2fb3471 elementor-widget__width-initial elementor-widget elementor-widget-image\" data-id=\"2fb3471\" data-element_type=\"widget\" data-widget_type=\"image.default\">\n\t\t\t\t\t\t\t\t\t\t\t\t\t\t\t\t<a href=\"https:\/\/www.cardiologie.ro\/en\/\">\n\t\t\t\t\t\t\t<img decoding=\"async\" width=\"788\" height=\"1024\" src=\"https:\/\/neurokardiostart.org\/wp-content\/uploads\/2025\/12\/logo-ibcv-1.png\" class=\"attachment-large size-large wp-image-103\" alt=\"\" srcset=\"https:\/\/neurokardiostart.org\/wp-content\/uploads\/2025\/12\/logo-ibcv-1.png 250w, https:\/\/neurokardiostart.org\/wp-content\/uploads\/2025\/12\/logo-ibcv-1-15x12.png 15w\" sizes=\"(max-width: 788px) 100vw, 788px\" \/>\t\t\t\t\t\t\t\t<\/a>\n\t\t\t\t\t\t\t\t\t\t\t\t\t\t\t<\/div>\n\t\t\t\t<div class=\"elementor-element elementor-element-02112c8 elementor-widget__width-initial elementor-widget elementor-widget-image\" data-id=\"02112c8\" data-element_type=\"widget\" data-widget_type=\"image.default\">\n\t\t\t\t\t\t\t\t\t\t\t\t\t\t\t\t<a href=\"https:\/\/european-union.europa.eu\/index_en\">\n\t\t\t\t\t\t\t<img loading=\"lazy\" decoding=\"async\" width=\"511\" height=\"418\" src=\"https:\/\/neurokardiostart.org\/wp-content\/uploads\/2025\/12\/Evropska-unija-rom.jpg\" class=\"attachment-large size-large wp-image-333\" alt=\"\" srcset=\"https:\/\/neurokardiostart.org\/wp-content\/uploads\/2025\/12\/Evropska-unija-rom.jpg 511w, https:\/\/neurokardiostart.org\/wp-content\/uploads\/2025\/12\/Evropska-unija-rom-300x238.jpg 300w, https:\/\/neurokardiostart.org\/wp-content\/uploads\/2025\/12\/Evropska-unija-rom-15x12.jpg 15w\" sizes=\"(max-width: 511px) 100vw, 511px\" \/>\t\t\t\t\t\t\t\t<\/a>\n\t\t\t\t\t\t\t\t\t\t\t\t\t\t\t<\/div>\n\t\t\t\t<\/div>\n\t\t\t\t\t<\/div>\n\t\t\t\t<\/div>\n\t\t\t\t<\/div>","protected":false},"excerpt":{"rendered":"<p>\u041f\u0420\u0415\u0412\u0415\u041d\u0426\u0418\u0408\u0410 \u041d\u0410 \u041f\u0420\u0412\u041e\u041c \u041c\u0415\u0421\u0422\u0423, \u0417\u0414\u0420\u0410\u0412\u0409\u0415 \u0417\u0410\u0423\u0412\u0415\u041a \u0417\u0434\u0440\u0430\u0432\u0459\u0435 \u0458\u0435 \u043e\u0434 \u0441\u0443\u0448\u0442\u0438\u043d\u0441\u043a\u043e\u0433 \u0437\u043d\u0430\u0447\u0430\u0458\u0430 \u0437\u0430 \u0440\u0443\u043c\u0443\u043d\u0441\u043a\u043e-\u0441\u0440\u043f\u0441\u043a\u0443 \u043f\u043e\u0433\u0440\u0430\u043d\u0438\u0447\u043d\u0443 \u0440\u0435\u0433\u0438\u0458\u0443, \u0430 \u043f\u043e\u0434\u0440\u0448\u043a\u0430 \u0415\u0432\u0440\u043e\u043f\u0441\u043a\u0435 \u0443\u043d\u0438\u0458\u0435 \u0434\u043e\u043d\u043e\u0441\u0438 \u0437\u043d\u0430\u0447\u0430\u0458\u043d\u0435 \u043f\u043e\u0437\u0438\u0442\u0438\u0432\u043d\u0435 \u043f\u0440\u043e\u043c\u0435\u043d\u0435. \u041f\u0440\u043e\u0458\u0435\u043a\u0430\u0442 \u043e\u043c\u043e\u0433\u0443\u045b\u0430\u0432\u0430 \u0421\u043f\u0435\u0446\u0438\u0458\u0430\u043b\u043d\u043e\u0458 \u0431\u043e\u043b\u043d\u0438\u0446\u0438 \u0437\u0430 \u043f\u0441\u0438\u0445\u0438\u0458\u0430\u0442\u0440\u0438\u0458\u0441\u043a\u0435 \u0431\u043e\u043b\u0435\u0441\u0442\u0438 \u201e\u0414\u0440 \u0421\u043b\u0430\u0432\u043e\u0459\u0443\u0431 \u0411\u0430\u043a\u0430\u043b\u043e\u0432\u0438\u045b\u201c \u0412\u0440\u0448\u0430\u0446 \u0438 \u0418\u043d\u0441\u0438\u0442\u0443\u0442\u0443 \u0437\u0430 \u043a\u0430\u0440\u0434\u0438\u043e\u0432\u0430\u0441\u043a\u0443\u043b\u0430\u0440\u043d\u0435 \u0431\u043e\u043b\u0435\u0441\u0442\u0438 \u0438\u0437 \u0422\u0435\u043c\u0438\u0448\u0432\u0430\u0440\u0430 \u0434\u0430 \u043e\u0441\u0430\u0432\u0440\u0435\u043c\u0435\u043d\u0435 \u0438 \u0443\u043d\u0430\u043f\u0440\u0435\u0434\u0435 \u0441\u0432\u043e\u0458\u0435 \u043a\u0430\u043f\u0430\u0446\u0438\u0442\u0435\u0442\u0435 \u0438 \u0442\u0438\u043c\u0435 \u0434\u0438\u0440\u0435\u043a\u0442\u043d\u043e \u043e\u043c\u043e\u0433\u0443\u045b\u0435 \u0433\u0440\u0430\u0452\u0430\u043d\u0438\u043c\u0430 \u043e\u0431\u0435 \u0437\u0435\u043c\u0459\u0435 \u0431\u043e\u0459\u0438 [&hellip;]<\/p>","protected":false},"author":1,"featured_media":0,"parent":0,"menu_order":0,"comment_status":"closed","ping_status":"closed","template":"","meta":{"footnotes":""},"class_list":["post-129","page","type-page","status-publish","hentry"],"_links":{"self":[{"href":"https:\/\/neurokardiostart.org\/ro\/wp-json\/wp\/v2\/pages\/129","targetHints":{"allow":["GET"]}}],"collection":[{"href":"https:\/\/neurokardiostart.org\/ro\/wp-json\/wp\/v2\/pages"}],"about":[{"href":"https:\/\/neurokardiostart.org\/ro\/wp-json\/wp\/v2\/types\/page"}],"author":[{"embeddable":true,"href":"https:\/\/neurokardiostart.org\/ro\/wp-json\/wp\/v2\/users\/1"}],"replies":[{"embeddable":true,"href":"https:\/\/neurokardiostart.org\/ro\/wp-json\/wp\/v2\/comments?post=129"}],"version-history":[{"count":40,"href":"https:\/\/neurokardiostart.org\/ro\/wp-json\/wp\/v2\/pages\/129\/revisions"}],"predecessor-version":[{"id":391,"href":"https:\/\/neurokardiostart.org\/ro\/wp-json\/wp\/v2\/pages\/129\/revisions\/391"}],"wp:attachment":[{"href":"https:\/\/neurokardiostart.org\/ro\/wp-json\/wp\/v2\/media?parent=129"}],"curies":[{"name":"wp","href":"https:\/\/api.w.org\/{rel}","templated":true}]}}