{"id":152,"date":"2025-12-17T11:48:12","date_gmt":"2025-12-17T10:48:12","guid":{"rendered":"https:\/\/neurokardiostart.org\/?page_id=152"},"modified":"2025-12-19T10:04:35","modified_gmt":"2025-12-19T09:04:35","slug":"%d1%81%d0%bc%d0%b5%d1%80%d0%bd%d0%b8%d1%86%d0%b5","status":"publish","type":"page","link":"https:\/\/neurokardiostart.org\/ro\/%d1%81%d0%bc%d0%b5%d1%80%d0%bd%d0%b8%d1%86%d0%b5\/","title":{"rendered":"Ghiduri"},"content":{"rendered":"<div data-elementor-type=\"wp-page\" data-elementor-id=\"152\" class=\"elementor elementor-152\" data-elementor-post-type=\"page\">\n\t\t\t\t<div class=\"elementor-element elementor-element-c1fe83a e-flex e-con-boxed e-con e-parent\" data-id=\"c1fe83a\" data-element_type=\"container\">\n\t\t\t\t\t<div class=\"e-con-inner\">\n\t\t\t\t<div class=\"elementor-element elementor-element-c7437a7 elementor-widget elementor-widget-image\" data-id=\"c7437a7\" data-element_type=\"widget\" data-widget_type=\"image.default\">\n\t\t\t\t\t\t\t\t\t\t\t\t\t\t\t<img fetchpriority=\"high\" decoding=\"async\" width=\"400\" height=\"318\" src=\"https:\/\/neurokardiostart.org\/wp-content\/uploads\/2025\/12\/1765872851412blob.png\" class=\"attachment-large size-large wp-image-6\" alt=\"\" srcset=\"https:\/\/neurokardiostart.org\/wp-content\/uploads\/2025\/12\/1765872851412blob.png 400w, https:\/\/neurokardiostart.org\/wp-content\/uploads\/2025\/12\/1765872851412blob-300x239.png 300w\" sizes=\"(max-width: 400px) 100vw, 400px\" \/>\t\t\t\t\t\t\t\t\t\t\t\t\t\t\t<\/div>\n\t\t\t\t\t<\/div>\n\t\t\t\t<\/div>\n\t\t<div class=\"elementor-element elementor-element-4b85a91 e-flex e-con-boxed e-con e-parent\" data-id=\"4b85a91\" data-element_type=\"container\">\n\t\t\t\t\t<div class=\"e-con-inner\">\n\t\t\t\t<div class=\"elementor-element elementor-element-fbeeb02 elementor-widget__width-initial elementor-widget elementor-widget-text-editor\" data-id=\"fbeeb02\" data-element_type=\"widget\" data-widget_type=\"text-editor.default\">\n\t\t\t\t\t\t\t\t\t<h3>Urm\u0103toarele masuri ofer\u0103 pa\u0219i practici pentru reducerea riscului de boli cardiovasculare \u0219i neurologice.<\/h3>\t\t\t\t\t\t\t\t<\/div>\n\t\t\t\t<div class=\"elementor-element elementor-element-da42fad elementor-widget__width-initial elementor-widget elementor-widget-text-editor\" data-id=\"da42fad\" data-element_type=\"widget\" data-widget_type=\"text-editor.default\">\n\t\t\t\t\t\t\t\t\t<ol><li>Men\u021bine\u021bi o alimenta\u021bie s\u0103n\u0103toas\u0103<\/li><\/ol><p>M\u00e2nca\u021bi echilibrat: Concentra\u021bi-v\u0103 pe consumul de legume, fructe, cereale integrale, proteine slabe (precum pe\u0219te, p\u0103s\u0103ri de curte, leguminoase) \u0219i gr\u0103simi s\u0103n\u0103toase (precum ulei de m\u0103sline, avocado \u0219i nuci).<\/p><p>Limita\u021bi gr\u0103simile nes\u0103n\u0103toase: Reduce\u021bi aportul de gr\u0103simi trans \u0219i saturate din alimentele procesate, pr\u0103jite \u0219i carnea gras\u0103. \u00cen schimb, alege\u021bi gr\u0103simile nesaturate, cum ar fi cele din nuci, semin\u021be \u0219i pe\u0219te gras (somon, macrou).<\/p><p>Controla\u021bi aportul de sare: Prea mult\u0103 sare poate duce la cre\u0219terea tensiunii arteriale, un factor de risc major pentru bolile de inim\u0103 \u0219i accidentul vascular cerebral. \u00cencerca\u021bi s\u0103 limita\u021bi aportul de sare la mai pu\u021bin de 2.300 miligrame pe zi (ideal mai pu\u021bin de 1.500 mg pentru majoritatea adul\u021bilor).<\/p><p>M\u00e2nca\u021bi alimente bogate \u00een fibre: Alimentele bogate \u00een fibre, cum ar fi cerealele integrale, fasolea \u0219i legumele, ajut\u0103 la reducerea colesterolului \u0219i \u00eembun\u0103t\u0103\u021besc s\u0103n\u0103tatea cardiovascular\u0103 general\u0103.<\/p>\t\t\t\t\t\t\t\t<\/div>\n\t\t\t\t<div class=\"elementor-element elementor-element-6a1dc83 elementor-widget__width-initial elementor-widget elementor-widget-image\" data-id=\"6a1dc83\" data-element_type=\"widget\" data-widget_type=\"image.default\">\n\t\t\t\t\t\t\t\t\t\t\t\t\t\t\t<img decoding=\"async\" width=\"800\" height=\"600\" src=\"https:\/\/neurokardiostart.org\/wp-content\/uploads\/2025\/12\/1-food-1024x768.jpg\" class=\"attachment-large size-large wp-image-362\" alt=\"\" srcset=\"https:\/\/neurokardiostart.org\/wp-content\/uploads\/2025\/12\/1-food-1024x768.jpg 1024w, https:\/\/neurokardiostart.org\/wp-content\/uploads\/2025\/12\/1-food-300x225.jpg 300w, https:\/\/neurokardiostart.org\/wp-content\/uploads\/2025\/12\/1-food-768x576.jpg 768w, https:\/\/neurokardiostart.org\/wp-content\/uploads\/2025\/12\/1-food-1536x1152.jpg 1536w, https:\/\/neurokardiostart.org\/wp-content\/uploads\/2025\/12\/1-food-16x12.jpg 16w, https:\/\/neurokardiostart.org\/wp-content\/uploads\/2025\/12\/1-food.jpg 2048w\" sizes=\"(max-width: 800px) 100vw, 800px\" \/>\t\t\t\t\t\t\t\t\t\t\t\t\t\t\t<\/div>\n\t\t\t\t<div class=\"elementor-element elementor-element-542e5fe elementor-widget__width-initial elementor-widget elementor-widget-text-editor\" data-id=\"542e5fe\" data-element_type=\"widget\" data-widget_type=\"text-editor.default\">\n\t\t\t\t\t\t\t\t\t<ol start=\"2\"><li>Activitate fizic\u0103 regulat\u0103<\/li><\/ol><p>Efectuati cel pu\u021bin 30 de minute de exerci\u021biu moderat in majoritatea zilelor s\u0103pt\u0103m\u00e2nii: Activit\u0103\u021bile precum mersul pe jos, \u00eenotul, mersul pe biciclet\u0103 sau dansul ajut\u0103 la men\u021binerea s\u0103n\u0103t\u0103\u021bii inimii \u0219i creierului, \u00eembun\u0103t\u0103\u021bind circula\u021bia, sc\u0103z\u00e2nd tensiunea arterial\u0103 \u0219i men\u021bin\u00e2nd o greutate corporal\u0103 s\u0103n\u0103toas\u0103.<\/p><p>Consolida\u021bi-v\u0103 inima \u0219i mu\u0219chii: Include\u021bi exerci\u021bii de for\u021b\u0103 (cum ar fi ridicarea greut\u0103\u021bilor sau exerci\u021bii cu benzi elastice) de dou\u0103 ori pe s\u0103pt\u0103m\u00e2n\u0103 pentru a \u00eembun\u0103t\u0103\u021bi func\u021bionarea general\u0103 a corpului \u0219i pentru a sprijini s\u0103n\u0103tatea inimii.<\/p><p>Evita\u021bi sedentarismul prelungit: Dac\u0103 jobul sau stilul de via\u021b\u0103 implic\u0103 statul pe scaun pentru perioade lungi, face\u021bi pauze scurte pentru a merge sau a v\u0103 \u00eentinde musculatura.<\/p>\t\t\t\t\t\t\t\t<\/div>\n\t\t\t\t<div class=\"elementor-element elementor-element-1ce92b7 elementor-widget__width-initial elementor-widget elementor-widget-image\" data-id=\"1ce92b7\" data-element_type=\"widget\" data-widget_type=\"image.default\">\n\t\t\t\t\t\t\t\t\t\t\t\t\t\t\t<img decoding=\"async\" width=\"800\" height=\"532\" src=\"https:\/\/neurokardiostart.org\/wp-content\/uploads\/2025\/12\/2-excersize.jpg\" class=\"attachment-large size-large wp-image-367\" alt=\"\" srcset=\"https:\/\/neurokardiostart.org\/wp-content\/uploads\/2025\/12\/2-excersize.jpg 960w, https:\/\/neurokardiostart.org\/wp-content\/uploads\/2025\/12\/2-excersize-300x199.jpg 300w, https:\/\/neurokardiostart.org\/wp-content\/uploads\/2025\/12\/2-excersize-768x510.jpg 768w, https:\/\/neurokardiostart.org\/wp-content\/uploads\/2025\/12\/2-excersize-18x12.jpg 18w\" sizes=\"(max-width: 800px) 100vw, 800px\" \/>\t\t\t\t\t\t\t\t\t\t\t\t\t\t\t<\/div>\n\t\t\t\t<div class=\"elementor-element elementor-element-d9720ad elementor-widget__width-initial elementor-widget elementor-widget-text-editor\" data-id=\"d9720ad\" data-element_type=\"widget\" data-widget_type=\"text-editor.default\">\n\t\t\t\t\t\t\t\t\t<ol start=\"3\"><li>Controla\u021bi tensiunea arterial\u0103<\/li><\/ol><p>M\u0103sura\u021bi regulat tensiunea arterial\u0103: Tensiunea arterial\u0103 crescut\u0103 (hipertensiunea) este o amenin\u021bare t\u0103cut\u0103 pentru bolile de inim\u0103 \u0219i accidentul vascular cerebral. Verific\u0103rile regulate pot ajuta la detectarea timpurie a acesteia.<\/p><p>Gestiona\u021bi stresul: Stresul cronic poate contribui la cre\u0219terea tensiunii arteriale. Practica\u021bi tehnici de reducere a stresului, cum ar fi medita\u021bia, exerci\u021biile de respira\u021bie profund\u0103, yoga sau hobby-urile.<\/p><p>Medicamente, dac\u0103 este necesar: Dac\u0103 ave\u021bi tensiune arterial\u0103 crescut\u0103, lua\u021bi medicamentele prescrise \u0219i urma\u021bi recomand\u0103rile medicului pentru a o controla.<\/p>\t\t\t\t\t\t\t\t<\/div>\n\t\t\t\t<div class=\"elementor-element elementor-element-d94a82f elementor-widget__width-initial elementor-widget elementor-widget-image\" data-id=\"d94a82f\" data-element_type=\"widget\" data-widget_type=\"image.default\">\n\t\t\t\t\t\t\t\t\t\t\t\t\t\t\t<img loading=\"lazy\" decoding=\"async\" width=\"800\" height=\"450\" src=\"https:\/\/neurokardiostart.org\/wp-content\/uploads\/2025\/12\/3-pressure-1024x576.png\" class=\"attachment-large size-large wp-image-368\" alt=\"\" srcset=\"https:\/\/neurokardiostart.org\/wp-content\/uploads\/2025\/12\/3-pressure-1024x576.png 1024w, https:\/\/neurokardiostart.org\/wp-content\/uploads\/2025\/12\/3-pressure-300x169.png 300w, https:\/\/neurokardiostart.org\/wp-content\/uploads\/2025\/12\/3-pressure-768x432.png 768w, https:\/\/neurokardiostart.org\/wp-content\/uploads\/2025\/12\/3-pressure-18x10.png 18w, https:\/\/neurokardiostart.org\/wp-content\/uploads\/2025\/12\/3-pressure.png 1152w\" sizes=\"(max-width: 800px) 100vw, 800px\" \/>\t\t\t\t\t\t\t\t\t\t\t\t\t\t\t<\/div>\n\t\t\t\t<div class=\"elementor-element elementor-element-93b6183 elementor-widget__width-initial elementor-widget elementor-widget-text-editor\" data-id=\"93b6183\" data-element_type=\"widget\" data-widget_type=\"text-editor.default\">\n\t\t\t\t\t\t\t\t\t<ol start=\"4\"><li>Renun\u021ba\u021bi la fumat<\/li><\/ol><p>Renun\u021ba\u021bi la fumat: Fumatul este un factor major de risc pentru bolile cardiovasculare \u0219i accidentul vascular cerebral. D\u0103uneaz\u0103 vaselor de s\u00e2nge, cre\u0219te tensiunea arterial\u0103 \u0219i reduce aportul de oxigen c\u0103tre creier \u0219i inim\u0103.<\/p><p>C\u0103uta\u021bi ajutor pentru a renun\u021ba: Discuta\u021bi cu medicul despre sursele de ajutor, cum ar fi consilierea, terapia cu produse de substitu\u021bie a nicotinei sau medicamentele pentru a renun\u021ba la fumat.<\/p>\t\t\t\t\t\t\t\t<\/div>\n\t\t\t\t<div class=\"elementor-element elementor-element-4f9b11d elementor-widget__width-initial elementor-widget elementor-widget-image\" data-id=\"4f9b11d\" data-element_type=\"widget\" data-widget_type=\"image.default\">\n\t\t\t\t\t\t\t\t\t\t\t\t\t\t\t<img loading=\"lazy\" decoding=\"async\" width=\"800\" height=\"530\" src=\"https:\/\/neurokardiostart.org\/wp-content\/uploads\/2025\/12\/4-smoking-1024x678.jpg\" class=\"attachment-large size-large wp-image-370\" alt=\"\" srcset=\"https:\/\/neurokardiostart.org\/wp-content\/uploads\/2025\/12\/4-smoking-1024x678.jpg 1024w, https:\/\/neurokardiostart.org\/wp-content\/uploads\/2025\/12\/4-smoking-300x199.jpg 300w, https:\/\/neurokardiostart.org\/wp-content\/uploads\/2025\/12\/4-smoking-768x508.jpg 768w, https:\/\/neurokardiostart.org\/wp-content\/uploads\/2025\/12\/4-smoking-1536x1017.jpg 1536w, https:\/\/neurokardiostart.org\/wp-content\/uploads\/2025\/12\/4-smoking-18x12.jpg 18w, https:\/\/neurokardiostart.org\/wp-content\/uploads\/2025\/12\/4-smoking.jpg 1920w\" sizes=\"(max-width: 800px) 100vw, 800px\" \/>\t\t\t\t\t\t\t\t\t\t\t\t\t\t\t<\/div>\n\t\t\t\t<div class=\"elementor-element elementor-element-77a6784 elementor-widget__width-initial elementor-widget elementor-widget-text-editor\" data-id=\"77a6784\" data-element_type=\"widget\" data-widget_type=\"text-editor.default\">\n\t\t\t\t\t\t\t\t\t<ol start=\"5\"><li>Limita\u021bi consumul de alcool<\/li><\/ol><p>Be\u021bi cu modera\u021bie: Consumul excesiv de alcool cre\u0219te riscul de hipertensiune arterial\u0103, boli de inim\u0103 \u0219i accident vascular cerebral. Pentru o s\u0103n\u0103tate optim\u0103, limita\u021bi consumul de alcool la cel mult o b\u0103utur\u0103 pe zi pentru femei \u0219i dou\u0103 b\u0103uturi pe zi pentru b\u0103rba\u021bi.<\/p>\t\t\t\t\t\t\t\t<\/div>\n\t\t\t\t<div class=\"elementor-element elementor-element-695e23e elementor-widget__width-initial elementor-widget elementor-widget-image\" data-id=\"695e23e\" data-element_type=\"widget\" data-widget_type=\"image.default\">\n\t\t\t\t\t\t\t\t\t\t\t\t\t\t\t<img loading=\"lazy\" decoding=\"async\" width=\"497\" height=\"332\" src=\"https:\/\/neurokardiostart.org\/wp-content\/uploads\/2025\/12\/5-alcohol.png\" class=\"attachment-large size-large wp-image-371\" alt=\"\" srcset=\"https:\/\/neurokardiostart.org\/wp-content\/uploads\/2025\/12\/5-alcohol.png 497w, https:\/\/neurokardiostart.org\/wp-content\/uploads\/2025\/12\/5-alcohol-300x200.png 300w, https:\/\/neurokardiostart.org\/wp-content\/uploads\/2025\/12\/5-alcohol-18x12.png 18w\" sizes=\"(max-width: 497px) 100vw, 497px\" \/>\t\t\t\t\t\t\t\t\t\t\t\t\t\t\t<\/div>\n\t\t\t\t<div class=\"elementor-element elementor-element-7ae6118 elementor-widget__width-initial elementor-widget elementor-widget-text-editor\" data-id=\"7ae6118\" data-element_type=\"widget\" data-widget_type=\"text-editor.default\">\n\t\t\t\t\t\t\t\t\t<ol start=\"6\"><li>Men\u021bine\u021bi o greutate corporal\u0103 s\u0103n\u0103toas\u0103<\/li><\/ol><p>Atinge\u021bi \u0219i men\u021bine\u021bi o greutate corporal\u0103 s\u0103n\u0103toas\u0103: Excesul de greutate cre\u0219te riscul de boli de inim\u0103, accident vascular cerebral \u0219i alte probleme de s\u0103n\u0103tate, cum ar fi diabetul. O greutate s\u0103n\u0103toas\u0103 poate fi ob\u021binut\u0103 printr-o diet\u0103 echilibrat\u0103 \u0219i exerci\u021bii fizice regulate.<\/p><p>\u00a0<\/p><p>Indicele de mas\u0103 corporal\u0103 (IMC): Un IMC \u00eentre 18,5 \u0219i 24,9 este considerat s\u0103n\u0103tos. Discuta\u021bi cu medicul despre men\u021binerea unei greut\u0103\u021bi corporale ideale.<\/p>\t\t\t\t\t\t\t\t<\/div>\n\t\t\t\t<div class=\"elementor-element elementor-element-9b150d7 elementor-widget__width-initial elementor-widget elementor-widget-image\" data-id=\"9b150d7\" data-element_type=\"widget\" data-widget_type=\"image.default\">\n\t\t\t\t\t\t\t\t\t\t\t\t\t\t\t<img loading=\"lazy\" decoding=\"async\" width=\"728\" height=\"1021\" src=\"https:\/\/neurokardiostart.org\/wp-content\/uploads\/2025\/12\/6-body-mass.jpg\" class=\"attachment-large size-large wp-image-372\" alt=\"\" srcset=\"https:\/\/neurokardiostart.org\/wp-content\/uploads\/2025\/12\/6-body-mass.jpg 728w, https:\/\/neurokardiostart.org\/wp-content\/uploads\/2025\/12\/6-body-mass-214x300.jpg 214w, https:\/\/neurokardiostart.org\/wp-content\/uploads\/2025\/12\/6-body-mass-9x12.jpg 9w\" sizes=\"(max-width: 728px) 100vw, 728px\" \/>\t\t\t\t\t\t\t\t\t\t\t\t\t\t\t<\/div>\n\t\t\t\t<div class=\"elementor-element elementor-element-5a1a7e3 elementor-widget__width-initial elementor-widget elementor-widget-text-editor\" data-id=\"5a1a7e3\" data-element_type=\"widget\" data-widget_type=\"text-editor.default\">\n\t\t\t\t\t\t\t\t\t<ol start=\"7\"><li>Controla\u021bi nivelul colesterolului<\/li><\/ol><p>Verifica\u021bi regulat colesterolul: Nivelurile ridicate de colesterol LDL (colesterolul r\u0103u) \u0219i nivelurile sc\u0103zute de colesterol HDL (colesterolul bun) cresc riscul de probleme cardiovasculare<\/p><p>M\u00e2nca\u021bi alimente bune pentru inim\u0103: Alimentele bogate \u00een fibre solubile (cum ar fi fulgii de ov\u0103z, fasolea \u0219i merele) pot reduce colesterolul. Evita\u021bi alimentele bogate \u00een gr\u0103simi trans, cum ar fi produsele de patiserie \u0219i m\u00e2ncarea tip fast-food.<\/p>\t\t\t\t\t\t\t\t<\/div>\n\t\t\t\t<div class=\"elementor-element elementor-element-ae84427 elementor-widget__width-initial elementor-widget elementor-widget-image\" data-id=\"ae84427\" data-element_type=\"widget\" data-widget_type=\"image.default\">\n\t\t\t\t\t\t\t\t\t\t\t\t\t\t\t<img loading=\"lazy\" decoding=\"async\" width=\"600\" height=\"600\" src=\"https:\/\/neurokardiostart.org\/wp-content\/uploads\/2025\/12\/7-cholesterol.png\" class=\"attachment-large size-large wp-image-373\" alt=\"\" srcset=\"https:\/\/neurokardiostart.org\/wp-content\/uploads\/2025\/12\/7-cholesterol.png 600w, https:\/\/neurokardiostart.org\/wp-content\/uploads\/2025\/12\/7-cholesterol-300x300.png 300w, https:\/\/neurokardiostart.org\/wp-content\/uploads\/2025\/12\/7-cholesterol-150x150.png 150w, https:\/\/neurokardiostart.org\/wp-content\/uploads\/2025\/12\/7-cholesterol-12x12.png 12w\" sizes=\"(max-width: 600px) 100vw, 600px\" \/>\t\t\t\t\t\t\t\t\t\t\t\t\t\t\t<\/div>\n\t\t\t\t<div class=\"elementor-element elementor-element-ecfb795 elementor-widget__width-initial elementor-widget elementor-widget-text-editor\" data-id=\"ecfb795\" data-element_type=\"widget\" data-widget_type=\"text-editor.default\">\n\t\t\t\t\t\t\t\t\t<ol start=\"8\"><li>Controla\u021bi nivelul zah\u0103rului din s\u00e2nge (glicemia)<\/li><\/ol><p>Monitoriza\u021bi nivelul zah\u0103rului din s\u00e2nge: Diabetul \u0219i prediabetul cresc riscul de boli cardiovasculare \u0219i accident vascular cerebral. Verific\u0103rile regulate pot ajuta la depistarea precoce a hiperglicemiei.<\/p><p>Stil de via\u021b\u0103 s\u0103n\u0103tos: Un stil de via\u021b\u0103 s\u0103n\u0103tos, care include o alimenta\u021bie echilibrat\u0103 \u0219i exerci\u021bii fizice regulate, este esen\u021bial pentru gestionarea nivelurilor de zah\u0103r din s\u00e2nge.<\/p>\t\t\t\t\t\t\t\t<\/div>\n\t\t\t\t<div class=\"elementor-element elementor-element-6820413 elementor-widget__width-initial elementor-widget elementor-widget-image\" data-id=\"6820413\" data-element_type=\"widget\" data-widget_type=\"image.default\">\n\t\t\t\t\t\t\t\t\t\t\t\t\t\t\t<img loading=\"lazy\" decoding=\"async\" width=\"800\" height=\"614\" src=\"https:\/\/neurokardiostart.org\/wp-content\/uploads\/2025\/12\/8-blood-sugar-1024x786.jpg\" class=\"attachment-large size-large wp-image-374\" alt=\"\" srcset=\"https:\/\/neurokardiostart.org\/wp-content\/uploads\/2025\/12\/8-blood-sugar-1024x786.jpg 1024w, https:\/\/neurokardiostart.org\/wp-content\/uploads\/2025\/12\/8-blood-sugar-300x230.jpg 300w, https:\/\/neurokardiostart.org\/wp-content\/uploads\/2025\/12\/8-blood-sugar-768x589.jpg 768w, https:\/\/neurokardiostart.org\/wp-content\/uploads\/2025\/12\/8-blood-sugar-1536x1179.jpg 1536w, https:\/\/neurokardiostart.org\/wp-content\/uploads\/2025\/12\/8-blood-sugar-2048x1572.jpg 2048w, https:\/\/neurokardiostart.org\/wp-content\/uploads\/2025\/12\/8-blood-sugar-16x12.jpg 16w\" sizes=\"(max-width: 800px) 100vw, 800px\" \/>\t\t\t\t\t\t\t\t\t\t\t\t\t\t\t<\/div>\n\t\t\t\t<div class=\"elementor-element elementor-element-d4518ce elementor-widget__width-initial elementor-widget elementor-widget-text-editor\" data-id=\"d4518ce\" data-element_type=\"widget\" data-widget_type=\"text-editor.default\">\n\t\t\t\t\t\t\t\t\t<ol start=\"9\"><li>Examin\u0103ri de s\u0103n\u0103tate regulate<\/li><\/ol><p>Examin\u0103ri de rutin\u0103: Examin\u0103rile de s\u0103n\u0103tate regulate sunt esen\u021biale pentru identificarea \u0219i gestionarea factorilor de risc precum tensiunea arterial\u0103 crescut\u0103, colesterolul ridicat \u0219i diabetul. Asigura\u021bi-v\u0103 c\u0103 efectua\u021bi controale anuale, inclusiv m\u0103sur\u0103tori ale tensiunii arteriale, teste de colesterol \u0219i verific\u0103ri ale nivelului de zah\u0103r din s\u00e2nge.<\/p><p>Discuta\u021bi despre istoricul familial: Dac\u0103 ave\u021bi un istoric familial de boli de inim\u0103, accident vascular cerebral sau alte afec\u021biuni cardiovasculare, discuta\u021bi cu medicul despre examin\u0103ri mai frecvente \u0219i m\u0103suri preventive.<\/p>\t\t\t\t\t\t\t\t<\/div>\n\t\t\t\t<div class=\"elementor-element elementor-element-8164da2 elementor-widget__width-initial elementor-widget elementor-widget-image\" data-id=\"8164da2\" data-element_type=\"widget\" data-widget_type=\"image.default\">\n\t\t\t\t\t\t\t\t\t\t\t\t\t\t\t<img loading=\"lazy\" decoding=\"async\" width=\"800\" height=\"534\" src=\"https:\/\/neurokardiostart.org\/wp-content\/uploads\/2025\/12\/9-medical-exam-1024x683.jpg\" class=\"attachment-large size-large wp-image-375\" alt=\"\" srcset=\"https:\/\/neurokardiostart.org\/wp-content\/uploads\/2025\/12\/9-medical-exam-1024x683.jpg 1024w, https:\/\/neurokardiostart.org\/wp-content\/uploads\/2025\/12\/9-medical-exam-300x200.jpg 300w, https:\/\/neurokardiostart.org\/wp-content\/uploads\/2025\/12\/9-medical-exam-768x512.jpg 768w, https:\/\/neurokardiostart.org\/wp-content\/uploads\/2025\/12\/9-medical-exam-1536x1024.jpg 1536w, https:\/\/neurokardiostart.org\/wp-content\/uploads\/2025\/12\/9-medical-exam-2048x1365.jpg 2048w, https:\/\/neurokardiostart.org\/wp-content\/uploads\/2025\/12\/9-medical-exam-18x12.jpg 18w\" sizes=\"(max-width: 800px) 100vw, 800px\" \/>\t\t\t\t\t\t\t\t\t\t\t\t\t\t\t<\/div>\n\t\t\t\t<div class=\"elementor-element elementor-element-023da84 elementor-widget__width-initial elementor-widget elementor-widget-text-editor\" data-id=\"023da84\" data-element_type=\"widget\" data-widget_type=\"text-editor.default\">\n\t\t\t\t\t\t\t\t\t<p>Aceste ghiduri ofer\u0103 sfaturi practice \u0219i u\u0219or de aplicat pentru reducerea riscului de probleme cardiovasculare \u0219i neurologice. Prin angajament \u0219i o grij\u0103 proactiv\u0103 fa\u021b\u0103 de s\u0103n\u0103tate, aceste afec\u021biuni pot fi evitate sau controlate eficient.<\/p>\t\t\t\t\t\t\t\t<\/div>\n\t\t\t\t\t<\/div>\n\t\t\t\t<\/div>\n\t\t\t\t<\/div>","protected":false},"excerpt":{"rendered":"<p>\u0421\u043b\u0435\u0434\u0435\u045b\u0435 \u0441\u043c\u0435\u0440\u043d\u0438\u0446\u0435 \u043f\u0440\u0443\u0436\u0430\u0458\u0443 \u043f\u0440\u0430\u043a\u0442\u0438\u0447\u043d\u0435 \u043a\u043e\u0440\u0430\u043a\u0435 \u0437\u0430 \u0441\u043c\u0430\u045a\u0435\u045a\u0435 \u0440\u0438\u0437\u0438\u043a\u0430 \u043e\u0434 \u043a\u0430\u0440\u0434\u0438\u043e\u0432\u0430\u0441\u043a\u0443\u043b\u0430\u0440\u043d\u0438\u0445 \u0438 \u043d\u0435\u0443\u0440\u043e\u043b\u043e\u0448\u043a\u0438\u0445 \u043f\u0440\u043e\u0431\u043b\u0435\u043c\u0430. \u041e\u0434\u0440\u0436\u0430\u0432\u0430\u0458\u0442\u0435 \u0437\u0434\u0440\u0430\u0432\u0443 \u0438\u0441\u0445\u0440\u0430\u043d\u0443 \u0408\u0435\u0434\u0438\u0442\u0435 \u0443\u0440\u0430\u0432\u043d\u043e\u0442\u0435\u0436\u0435\u043d\u043e: \u0424\u043e\u043a\u0443\u0441\u0438\u0440\u0430\u0458\u0442\u0435 \u0441\u0435 \u043d\u0430 \u043a\u043e\u043d\u0437\u0443\u043c\u0438\u0440\u0430\u045a\u0435 \u0440\u0430\u0437\u043d\u043e\u0432\u0440\u0441\u043d\u043e\u0433 \u043f\u043e\u0432\u0440\u045b\u0430, \u0432\u043e\u045b\u0430, \u0446\u0435\u043b\u0438\u0445 \u0436\u0438\u0442\u0430\u0440\u0438\u0446\u0430, \u043d\u0435\u043c\u0430\u0441\u043d\u0438\u0445 \u043f\u0440\u043e\u0442\u0435\u0438\u043d\u0430 (\u043a\u0430\u043e \u0448\u0442\u043e \u0441\u0443 \u0440\u0438\u0431\u0430, \u0436\u0438\u0432\u0438\u043d\u0430, \u043c\u0430\u0445\u0443\u043d\u0430\u0440\u043a\u0435) \u0438 \u0437\u0434\u0440\u0430\u0432\u0438\u0445 \u043c\u0430\u0441\u0442\u0438 (\u043f\u043e\u043f\u0443\u0442 \u043c\u0430\u0441\u043b\u0438\u043d\u043e\u0432\u043e\u0433 \u0443\u0459\u0430, \u0430\u0432\u043e\u043a\u0430\u0434\u0430 \u0438 \u043e\u0440\u0430\u0448\u0430\u0441\u0442\u0438\u0445 \u043f\u043b\u043e\u0434\u043e\u0432\u0430). \u041e\u0433\u0440\u0430\u043d\u0438\u0447\u0438\u0442\u0435 \u043d\u0435\u0437\u0434\u0440\u0430\u0432\u0435 \u043c\u0430\u0441\u0442\u0438: \u0421\u043c\u0430\u045a\u0438\u0442\u0435 \u0443\u043d\u043e\u0441 \u0442\u0440\u0430\u043d\u0441 \u043c\u0430\u0441\u0442\u0438 \u0438 \u0437\u0430\u0441\u0438\u045b\u0435\u043d\u0438\u0445 \u043c\u0430\u0441\u0442\u0438 [&hellip;]<\/p>","protected":false},"author":1,"featured_media":0,"parent":0,"menu_order":0,"comment_status":"closed","ping_status":"closed","template":"","meta":{"footnotes":""},"class_list":["post-152","page","type-page","status-publish","hentry"],"_links":{"self":[{"href":"https:\/\/neurokardiostart.org\/ro\/wp-json\/wp\/v2\/pages\/152","targetHints":{"allow":["GET"]}}],"collection":[{"href":"https:\/\/neurokardiostart.org\/ro\/wp-json\/wp\/v2\/pages"}],"about":[{"href":"https:\/\/neurokardiostart.org\/ro\/wp-json\/wp\/v2\/types\/page"}],"author":[{"embeddable":true,"href":"https:\/\/neurokardiostart.org\/ro\/wp-json\/wp\/v2\/users\/1"}],"replies":[{"embeddable":true,"href":"https:\/\/neurokardiostart.org\/ro\/wp-json\/wp\/v2\/comments?post=152"}],"version-history":[{"count":25,"href":"https:\/\/neurokardiostart.org\/ro\/wp-json\/wp\/v2\/pages\/152\/revisions"}],"predecessor-version":[{"id":382,"href":"https:\/\/neurokardiostart.org\/ro\/wp-json\/wp\/v2\/pages\/152\/revisions\/382"}],"wp:attachment":[{"href":"https:\/\/neurokardiostart.org\/ro\/wp-json\/wp\/v2\/media?parent=152"}],"curies":[{"name":"wp","href":"https:\/\/api.w.org\/{rel}","templated":true}]}}